{"id":10711,"date":"2018-06-14T09:32:25","date_gmt":"2018-06-14T09:32:25","guid":{"rendered":"https:\/\/enovathemes.com\/globax\/?page_id=10711"},"modified":"2024-06-25T00:19:42","modified_gmt":"2024-06-25T03:19:42","slug":"nosotros","status":"publish","type":"page","link":"https:\/\/berazategui.gob.ar\/politicassocioeducativas\/nosotros\/","title":{"rendered":"Nuestra Historia"},"content":{"rendered":"<p>[vc_section][vc_row][vc_column]<h3 id=\"et-animated-title-1\" class=\"et-animated-title et-clearfix  words-direct\" data-mobile-font=\"20px\" data-tablet-font=\"inherit\" data-delay=\"100\" style=\"font-size:36px;font-weight:700;line-height:56px;color:#212121;\"><span class=\"text-wrapper\"><span class=\"text\">Berazategui, pionero en la <span class=\"highlight\" style=\"color: #fd8c40;\">prevenci\u00f3n y asistencia de ETS\/VIH<\/span><\/span><\/span><\/h3>[\/vc_column][\/vc_row][vc_row gap=&#8221;80&#8243; content_placement=&#8221;middle&#8221; css_animation=&#8221;fadeIn&#8221; css=&#8221;.vc_custom_1532424606103{padding-top: 40px !important;padding-bottom: 64px !important;}&#8221;][vc_column animation_delay=&#8221;0&#8243; offset=&#8221;vc_col-lg-6 vc_col-md-6 vc_col-xs-12&#8243;]<div class=\"et-tab-wrapper\"><div id=\"et-tab-1\" class=\"et-tab center-false et-clearfix horizontal\"><div data-target=\"tab-el-municipio\" class=\"active tab et-clearfix\"><h5 class=\"tab-title-tag\">El Municipio<\/h5><\/div> <div id=\"tab-el-municipio-1\" class=\"tab-content et-clearfix\">[vc_column_text]<\/p>\n<p style=\"font-size: 18px; line-height: 32px;\">La Municipalidad de Berazategui ha sido pionera en la prevenci\u00f3n y asistencia de Enfermedades de Transmisi\u00f3n Sexual (ETS). Ya desde los a\u00f1os 80 dio respuesta a las necesidades en torno a estas enfermedades a trav\u00e9s del Servicio de Dermatolog\u00eda. Con el transcurso de los a\u00f1os, se siguieron tomando importantes decisiones, que permitieron ampliar y descentralizar el servicio a otros centros que conformaban en ese entonces el sistema de salud municipal.<\/p>\n<p>[\/vc_column_text]<\/div><div data-target=\"tab-politicas-socioeducativas\" class=\"false tab et-clearfix\"><h5 class=\"tab-title-tag\">Pol\u00edticas Socioeducativas<\/h5><\/div> <div id=\"tab-politicas-socioeducativas-2\" class=\"tab-content et-clearfix\">[vc_column_text]<\/p>\n<p style=\"font-size: 18px; line-height: 32px;\">Dado que el VIH\/SIDA y los factores asociados exceden las posibilidades de respuesta desde un programa y que su propagaci\u00f3n la ha convertido en una cuesti\u00f3n prioritaria a prevenir, en 2008 cre\u00f3 la SECRETAR\u00cdA DE POL\u00cdTICAS SOCIO-EDUCATIVAS, con el fin de ampliar, fortalecer y sustentar las iniciativas que en materia de prevenci\u00f3n se desarrollan en el distrito respecto a la salud integral de ni\u00f1os, adolescentes y adultos.<br \/>\nActualmente, funciona como Direcci\u00f3n, dependiente de la Secretar\u00eda de Salud P\u00fablica e Higiene.<\/p>\n<p>[\/vc_column_text]<\/div><\/div><\/div>[\/vc_column][vc_column animation_delay=&#8221;0&#8243; offset=&#8221;vc_col-lg-6 vc_col-md-6 vc_col-xs-12&#8243;]<div id=\"image-slider-1\" data-columns=\"1\" class=\"et-image-slider thumbnail-true\"><ul id=\"image-slider-slides-1\" data-columns=\"1\" class=\"image-slider-slides owl-thumbnail-true et-clearfix\"><li class=\"et-slider-item\"><div class=\"overlay-hover\"><a data-lightbox-gallery=\"image-slider-1\" href=\"https:\/\/berazategui.gob.ar\/politicassocioeducativas\/wp-content\/uploads\/2019\/12\/02.jpeg\"><div class=\"image-container\"><img width=\"1032\" alt=\"\" height=\"640\" src=\"https:\/\/berazategui.gob.ar\/politicassocioeducativas\/wp-content\/uploads\/2019\/12\/02-1032x640.jpeg\"><\/div><\/a><\/div><\/li><li class=\"et-slider-item\"><div class=\"overlay-hover\"><a data-lightbox-gallery=\"image-slider-1\" href=\"https:\/\/berazategui.gob.ar\/politicassocioeducativas\/wp-content\/uploads\/2019\/12\/01.jpeg\"><div class=\"image-container\"><img width=\"1032\" alt=\"\" height=\"640\" src=\"https:\/\/berazategui.gob.ar\/politicassocioeducativas\/wp-content\/uploads\/2019\/12\/01-1032x640.jpeg\"><\/div><\/a><\/div><\/li><li class=\"et-slider-item\"><div class=\"overlay-hover\"><a data-lightbox-gallery=\"image-slider-1\" href=\"https:\/\/berazategui.gob.ar\/politicassocioeducativas\/wp-content\/uploads\/2019\/11\/1.jpg\"><div class=\"image-container\"><img width=\"1200\" alt=\"\" height=\"640\" src=\"https:\/\/berazategui.gob.ar\/politicassocioeducativas\/wp-content\/uploads\/2019\/11\/1-1200x640.jpg\"><\/div><\/a><\/div><\/li><li class=\"et-slider-item\"><div class=\"overlay-hover\"><a data-lightbox-gallery=\"image-slider-1\" href=\"https:\/\/berazategui.gob.ar\/politicassocioeducativas\/wp-content\/uploads\/2019\/11\/2.jpg\"><div class=\"image-container\"><img width=\"1200\" alt=\"\" height=\"640\" src=\"https:\/\/berazategui.gob.ar\/politicassocioeducativas\/wp-content\/uploads\/2019\/11\/2-1200x640.jpg\"><\/div><\/a><\/div><\/li><li class=\"et-slider-item\"><div class=\"overlay-hover\"><a data-lightbox-gallery=\"image-slider-1\" href=\"https:\/\/berazategui.gob.ar\/politicassocioeducativas\/wp-content\/uploads\/2019\/11\/3.jpg\"><div class=\"image-container\"><img width=\"1200\" alt=\"\" height=\"640\" src=\"https:\/\/berazategui.gob.ar\/politicassocioeducativas\/wp-content\/uploads\/2019\/11\/3-1200x640.jpg\"><\/div><\/a><\/div><\/li><li class=\"et-slider-item\"><div class=\"overlay-hover\"><a data-lightbox-gallery=\"image-slider-1\" href=\"https:\/\/berazategui.gob.ar\/politicassocioeducativas\/wp-content\/uploads\/2019\/11\/4.jpg\"><div class=\"image-container\"><img width=\"1200\" alt=\"\" height=\"640\" src=\"https:\/\/berazategui.gob.ar\/politicassocioeducativas\/wp-content\/uploads\/2019\/11\/4-1200x640.jpg\"><\/div><\/a><\/div><\/li><li class=\"et-slider-item\"><div class=\"overlay-hover\"><a data-lightbox-gallery=\"image-slider-1\" href=\"https:\/\/berazategui.gob.ar\/politicassocioeducativas\/wp-content\/uploads\/2019\/11\/5.jpg\"><div class=\"image-container\"><img width=\"1200\" alt=\"\" height=\"640\" src=\"https:\/\/berazategui.gob.ar\/politicassocioeducativas\/wp-content\/uploads\/2019\/11\/5-1200x640.jpg\"><\/div><\/a><\/div><\/li><\/ul><ul id=\"image-slider-thumbnail-1\" class=\"image-slider-thumbnail et-clearfix\"><li><div class=\"image-container\"><img width=\"150\" height=\"150\" alt=\"\" src=\"https:\/\/berazategui.gob.ar\/politicassocioeducativas\/wp-content\/uploads\/2019\/12\/02-150x150.jpeg\"><\/div><\/li><li><div class=\"image-container\"><img width=\"150\" height=\"150\" alt=\"\" src=\"https:\/\/berazategui.gob.ar\/politicassocioeducativas\/wp-content\/uploads\/2019\/12\/01-150x150.jpeg\"><\/div><\/li><li><div class=\"image-container\"><img width=\"150\" height=\"150\" alt=\"\" src=\"https:\/\/berazategui.gob.ar\/politicassocioeducativas\/wp-content\/uploads\/2019\/11\/1-150x150.jpg\"><\/div><\/li><li><div class=\"image-container\"><img width=\"150\" height=\"150\" alt=\"\" src=\"https:\/\/berazategui.gob.ar\/politicassocioeducativas\/wp-content\/uploads\/2019\/11\/2-150x150.jpg\"><\/div><\/li><li><div class=\"image-container\"><img width=\"150\" height=\"150\" alt=\"\" src=\"https:\/\/berazategui.gob.ar\/politicassocioeducativas\/wp-content\/uploads\/2019\/11\/3-150x150.jpg\"><\/div><\/li><li><div class=\"image-container\"><img width=\"150\" height=\"150\" alt=\"\" src=\"https:\/\/berazategui.gob.ar\/politicassocioeducativas\/wp-content\/uploads\/2019\/11\/4-150x150.jpg\"><\/div><\/li><li><div class=\"image-container\"><img width=\"150\" height=\"150\" alt=\"\" src=\"https:\/\/berazategui.gob.ar\/politicassocioeducativas\/wp-content\/uploads\/2019\/11\/5-150x150.jpg\"><\/div><\/li><\/ul><\/div>[\/vc_column][\/vc_row][\/vc_section][vc_row full_width=&#8221;stretch_row&#8221; gap=&#8221;0&#8243; disable_element=&#8221;yes&#8221; css=&#8221;.vc_custom_1717120216554{padding-top: 96px !important;padding-bottom: 42px !important;}&#8221; el_class=&#8221;et-carousel-custom-nav-color&#8221;][vc_column animation_delay=&#8221;0&#8243; css_animation=&#8221;none&#8221;]<h6 class=\"et-highlight-title \" style=\"font-size:12px;font-weight:700;line-height:24px;letter-spacing:0.5px;color:#9a9a9a;\" data-mobile-font=\"inherit\" data-tablet-font=\"inherit\"><span class=\"title-inner\">Conocenos<span class=\"highlight-line\" style=\"background-color:#fd8c40;\"><\/span><\/span><\/h6><h3 id=\"et-animated-title-2\" class=\"et-animated-title et-clearfix  words-direct\" data-mobile-font=\"32px\" data-tablet-font=\"inherit\" data-delay=\"100\" style=\"font-size:48px;font-weight:700;line-height:56px;color:#212121;\"><span class=\"text-wrapper\"><span class=\"text\">Qui\u00e9nes <span class=\"highlight\" style=\"color: #fd8c40;\">Somos<\/span><\/span><\/span><\/h3><div class=\"gap et-clearfix \" style=\"height:56px\"><\/div><div class=\"et-carousel-wrapper\"><style>#loop-carousel-1 .loop-carousel {margin-left:-35px;margin-right:-35px;}#loop-carousel-1 .loop-carousel .et-carousel-item {padding-left:35px;padding-right:35px;padding-bottom:70px}#loop-carousel-1 .owl-nav > .owl-prev {left:-102px}#loop-carousel-1 .owl-nav > .owl-next {right:-102px}<\/style><div id=\"loop-carousel-1\" class=\"loop-carousel et-clearfix autoplay-false navigation-only-arrows\"><div class=\"owl-carousel loop-carousel\" data-columns=\"3\"><div class=\"et-carousel-item et-clearfix\"><div id=\"et-person-1\" class=\"et-person\"><div class=\"overlay-hover\"><div class=\"image post-image\"><div class=\"image-container\"><img width=\"588\" height=\"588\" alt=\"\" src=\"https:\/\/berazategui.gob.ar\/politicassocioeducativas\/wp-content\/uploads\/2019\/10\/gloria.jpg\"><\/div><\/div><div class=\"et-social-links social-links full et-clearfix\"><\/div><\/div><div class=\"stylish-box-wrapper et-clearfix under-image-content\"><div class=\"stylish-box\"><p class=\"person-subtitle stylish-dash\">Secretaria de Pol\u00edticas Socio-Educativas<\/p><h5 class=\"person-title\">Mg. Gloria Cort\u00f3n<\/h5><\/div><div class=\"stylish-box\"><a href=\"#\" class=\"et-button stylish-button small\">Contacts<\/a><\/div><\/div><\/div><\/div><div class=\"et-carousel-item et-clearfix\"><div id=\"et-person-2\" class=\"et-person\"><div class=\"overlay-hover\"><div class=\"image post-image\"><div class=\"image-container\"><img width=\"3456\" height=\"3456\" alt=\"\" src=\"https:\/\/berazategui.gob.ar\/politicassocioeducativas\/wp-content\/uploads\/2019\/12\/remo.jpg\"><\/div><\/div><div class=\"et-social-links social-links full et-clearfix\"><\/div><\/div><div class=\"stylish-box-wrapper et-clearfix under-image-content\"><div class=\"stylish-box\"><p class=\"person-subtitle stylish-dash\">Asesor de Pol\u00edticas Socio-Educativas<\/p><h5 class=\"person-title\">Dr. Remo Salve<\/h5><\/div><div class=\"stylish-box\"><a href=\"#\" class=\"et-button stylish-button small\">Contacts<\/a><\/div><\/div><\/div><\/div><\/div><\/div><\/div>[\/vc_column][\/vc_row][vc_row css=&#8221;.vc_custom_1531321123594{padding-top: 72px !important;padding-bottom: 72px !important;}&#8221;][vc_column]<div class=\"sep-wrap left   et-clearfix\" data-delay=\"0\"><div class=\"et-separator solid\" style=\"margin-bottom:40px;height:1px;width:100%;border-bottom-width:1px;border-bottom-style:solid;border-bottom-color:#e0e0e0;\"><\/div><\/div>[vc_row_inner][vc_column_inner width=&#8221;2\/3&#8243;]<div class=\"gap et-clearfix \" style=\"height:32px\"><\/div><h3 id=\"et-animated-title-3\" class=\"et-animated-title et-clearfix  words-direct\" data-mobile-font=\"32px\" data-tablet-font=\"inherit\" data-delay=\"100\" style=\"font-size:48px;font-weight:700;line-height:56px;color:#212121;\"><span class=\"text-wrapper\"><span class=\"text\">Conoc\u00e9 nuestro primer <span class=\"highlight\" style=\"color: #fd8c40;\">folleto<\/span> (1992)<\/span><\/span><\/h3><span class=\"et-gap-inline et-clearfix \" style=\"width:32px\"><\/span>[\/vc_column_inner][vc_column_inner width=&#8221;1\/3&#8243;]<div data-curtain=\"false\" data-preloader=\"false\" data-decoration=\"false\" data-decoration-size=\"small\" data-animation-delay=\"0\" data-parallax=\"false\" data-coordinatex=\"0\" data-coordinatey=\"0\" data-speed=\"1\" class=\"et-custom-image  alignnone overlay-fade curtain-left\"><div class=\"overlay-hover\"><div class=\"image\"><div class=\"image-container\"><img width=\"250\" height=\"479\" src=\"https:\/\/berazategui.gob.ar\/politicassocioeducativas\/wp-content\/uploads\/2020\/01\/folleto-chico.jpg\" alt=\"\"><\/div><div class=\"post-image-overlay\"><a data-modal=\"false\" title=\"\" target=\"_blank\" class=\"overlay-read-more single-image-link\" href=\"https:\/\/berazategui.gob.ar\/politicassocioeducativas\/wp-content\/uploads\/2019\/12\/1-convertido.pdf\"><\/a><\/div><\/div><\/div><\/div>[\/vc_column_inner][\/vc_row_inner]<div class=\"gap et-clearfix \" style=\"height:32px\"><\/div><div class=\"sep-wrap left   et-clearfix\" data-delay=\"0\"><div class=\"et-separator solid\" style=\"margin-bottom:40px;height:1px;width:100%;border-bottom-width:1px;border-bottom-style:solid;border-bottom-color:#e0e0e0;\"><\/div><\/div>[vc_row_inner][vc_column_inner width=&#8221;1\/6&#8243;][\/vc_column_inner][vc_column_inner el_class=&#8221;text-align-center&#8221; width=&#8221;2\/3&#8243;]<h3 id=\"et-animated-title-4\" class=\"et-animated-title et-clearfix  words-direct\" data-mobile-font=\"32px\" data-tablet-font=\"inherit\" data-delay=\"100\" style=\"font-size:48px;font-weight:700;line-height:56px;color:#212121;\"><span class=\"text-wrapper\"><span class=\"text\">S\u00edntesis Hist\u00f3rica<\/span><\/span><\/h3><div class=\"gap et-clearfix \" style=\"height:32px\"><\/div>[\/vc_column_inner][vc_column_inner width=&#8221;1\/6&#8243;][\/vc_column_inner][\/vc_row_inner]<div class=\"et-timeline-wrapper\"><div id=\"et-timeline-1\" class=\"et-timeline et-clearfix\"><div class=\"et-timeline-item et-clearfix\"><h5 class=\"timeline-item-title\">Los 80&#039;<\/h5><span class=\"timeline-item-icon fa fa-map-marker-alt\"><\/span><div id=\"los-80-1\" class=\"timeline-item-content et-clearfix\">[vc_custom_heading text=&#8221;Berazategui, municipio pionero&#8221; font_container=&#8221;tag:h5|text_align:left&#8221; use_theme_fonts=&#8221;yes&#8221;][vc_column_text]La Municipalidad de Berazategui ha sido pionera\u00a0 en la\u00a0 prevenci\u00f3n y asistencia de Enfermedades de Transmisi\u00f3n Sexual (ETS) desde los a\u00f1os 80, a trav\u00e9s del Servicio de Dermatolog\u00eda. Con el transcurso de los a\u00f1os, se siguieron tomando importantes decisiones, que permitieron ampliar y descentralizar este servicio a otros centros que conformaban, en ese entonces, el sistema de salud municipal.[\/vc_column_text]<\/div><\/div><div class=\"et-timeline-item et-clearfix\"><h5 class=\"timeline-item-title\">1991<\/h5><span class=\"timeline-item-icon fa fa-map-marker-alt\"><\/span><div id=\"1991-2\" class=\"timeline-item-content et-clearfix\">[vc_custom_heading text=&#8221;Creaci\u00f3n del Centro de Prevenci\u00f3n e Informaci\u00f3n de VIH\/SIDA\/ETS en Berazategui&#8221; font_container=&#8221;tag:h5|text_align:left&#8221; use_theme_fonts=&#8221;yes&#8221;][vc_column_text]<\/p>\n<p style=\"text-align: justify; margin: 0cm 0cm 10.0pt 0cm;\">La aparici\u00f3n del VIH\/SIDA plante\u00f3 un nuevo reto a la salud p\u00fablica mundial. El avance geom\u00e9trico de esta nueva epidemia requiri\u00f3 una respuesta inmediata de todos los niveles gubernamentales, cre\u00e1ndose en nuestro distrito en 1991 el Centro de Prevenci\u00f3n e Informaci\u00f3n de VIH\/SIDA\/ETS.<\/p>\n<p style=\"text-align: justify; margin: 0cm 0cm 10.0pt 0cm;\">Esta nueva infecci\u00f3n, m\u00e1s all\u00e1 de las graves implicancias en relaci\u00f3n a la salud p\u00fablica, dej\u00f3 al descubierto graves falencias como la discriminaci\u00f3n y la falta de pol\u00edticas en educaci\u00f3n sexual, en adicciones, entre otras. Por lo tanto, evitar su propagaci\u00f3n requiri\u00f3 de esfuerzos que se centraran tanto en el comportamiento individual de riesgo como en los factores estructurales que subyac\u00edan a la exposici\u00f3n del VIH.<\/p>\n<p>[\/vc_column_text]<\/div><\/div><div class=\"et-timeline-item et-clearfix\"><h5 class=\"timeline-item-title\">1992<\/h5><span class=\"timeline-item-icon fa fa-map-marker-alt\"><\/span><div id=\"1992-3\" class=\"timeline-item-content et-clearfix\">[vc_custom_heading text=&#8221;Centro de Prevenci\u00f3n y Asistencia ETS\/VIH\/SIDA&#8221; font_container=&#8221;tag:h5|text_align:left&#8221; use_theme_fonts=&#8221;yes&#8221;][vc_column_text]En este nuevo escenario, el Ejecutivo municipal, ante la falta de un hospital p\u00fablico en el distrito, redobl\u00f3 sus esfuerzos y puso en marcha, en 1992, el Centro de Prevenci\u00f3n y Asistencia ETS\/VIH\/SIDA, conformado por un equipo interdisciplinario -Dermat\u00f3logo, Infect\u00f3logo, Ginec\u00f3loga Infanto- Juvenil, Bioqu\u00edmico, Psic\u00f3loga, Trabajadora Social, Enfermera, Administrativa- dedicado exclusivamente a estas enfermedades, que luego fue modelo en la provincia de Buenos Aires.[\/vc_column_text]<\/div><\/div><div class=\"et-timeline-item et-clearfix\"><h5 class=\"timeline-item-title\">2008<\/h5><span class=\"timeline-item-icon fa fa-map-marker-alt\"><\/span><div id=\"2008-4\" class=\"timeline-item-content et-clearfix\">[vc_custom_heading text=&#8221;Creaci\u00f3n de la Secretar\u00eda de Pol\u00edticas Socio-Educativas&#8221; font_container=&#8221;tag:h5|text_align:left&#8221; use_theme_fonts=&#8221;yes&#8221;][vc_column_text]La evoluci\u00f3n de esta epidemia puso en evidencia que el grupo et\u00e1reo m\u00e1s vulnerable a estas infecciones eran los adolescentes y j\u00f3venes. Considerando que ellos conformaban, a principios del siglo XXI, la mitad de la poblaci\u00f3n del mundo (seg\u00fan el informe de Fondo de Poblaci\u00f3n de Naciones Unidas de 2003), se profundizaron las acciones para avanzar en el acceso universal a la prevenci\u00f3n, a su atenci\u00f3n y tratamiento.<\/p>\n<p>En este sentido, el Municipio de Berazategui renov\u00f3 su compromiso atento a que el VIH\/SIDA y los factores asociados exced\u00edan las posibilidades de respuesta desde un programa, y que su propagaci\u00f3n la hab\u00eda convertido en una cuesti\u00f3n prioritaria. Por ello, en 2008 cre\u00f3 la SECRETAR\u00cdA DE POL\u00cdTICAS SOCIO-EDUCATIVAS, con el fin de ampliar, fortalecer y sustentar las iniciativas que en materia de prevenci\u00f3n se desarrollaban en el distrito respecto a la salud integral del adolescente.<\/p>\n<p>Este fuerte liderazgo se sustenta en el convencimiento de que \u201cENTRE TODOS\u201d, sumando recursos, esfuerzos y decisi\u00f3n pol\u00edtica, aportamos a la construcci\u00f3n de un futuro diferente, ya que todos debemos asumir el compromiso de ser parte de una respuesta eficaz y sostenible.[\/vc_column_text]<\/div><\/div><div class=\"et-timeline-item et-clearfix\"><h5 class=\"timeline-item-title\">2024<\/h5><span class=\"timeline-item-icon fa fa-map-marker-alt\"><\/span><div id=\"2024-5\" class=\"timeline-item-content et-clearfix\">[vc_custom_heading text=&#8221;&#8221; font_container=&#8221;tag:h5|text_align:left&#8221; use_theme_fonts=&#8221;yes&#8221;][vc_column_text]<strong>La Secretar\u00eda se transforma en Direcci\u00f3n, y pasa a la \u00f3rbita de la Secretar\u00eda de Salud P\u00fablica e Higiene de la Municipalidad de Berazategui.<\/strong>[\/vc_column_text]<\/div><\/div><\/div><\/div>[\/vc_column][\/vc_row]<\/p>\n","protected":false},"excerpt":{"rendered":"<p>Leverage agile frameworks to provide a robust synopsis for high level overviews. Iterative approaches to corporate strategy foster collaborative thinking to further the overall value proposition. Organically grow the holistic world view of disruptive innovation via workplace diversity and empowerment.<\/p>\n","protected":false},"author":2,"featured_media":0,"parent":0,"menu_order":0,"comment_status":"closed","ping_status":"closed","template":"","meta":[],"_links":{"self":[{"href":"https:\/\/berazategui.gob.ar\/politicassocioeducativas\/wp-json\/wp\/v2\/pages\/10711"}],"collection":[{"href":"https:\/\/berazategui.gob.ar\/politicassocioeducativas\/wp-json\/wp\/v2\/pages"}],"about":[{"href":"https:\/\/berazategui.gob.ar\/politicassocioeducativas\/wp-json\/wp\/v2\/types\/page"}],"author":[{"embeddable":true,"href":"https:\/\/berazategui.gob.ar\/politicassocioeducativas\/wp-json\/wp\/v2\/users\/2"}],"replies":[{"embeddable":true,"href":"https:\/\/berazategui.gob.ar\/politicassocioeducativas\/wp-json\/wp\/v2\/comments?post=10711"}],"version-history":[{"count":55,"href":"https:\/\/berazategui.gob.ar\/politicassocioeducativas\/wp-json\/wp\/v2\/pages\/10711\/revisions"}],"predecessor-version":[{"id":14603,"href":"https:\/\/berazategui.gob.ar\/politicassocioeducativas\/wp-json\/wp\/v2\/pages\/10711\/revisions\/14603"}],"wp:attachment":[{"href":"https:\/\/berazategui.gob.ar\/politicassocioeducativas\/wp-json\/wp\/v2\/media?parent=10711"}],"curies":[{"name":"wp","href":"https:\/\/api.w.org\/{rel}","templated":true}]}}